{"id":231,"date":"2018-12-29T16:01:37","date_gmt":"2018-12-29T15:01:37","guid":{"rendered":"http:\/\/www.freezersig.pl\/?page_id=231"},"modified":"2024-02-18T18:43:38","modified_gmt":"2024-02-18T17:43:38","slug":"polityka-prywatnosci","status":"publish","type":"page","link":"https:\/\/www.freezersig.pl\/?page_id=231","title":{"rendered":"Regulamin."},"content":{"rendered":"\n<p>Punkt kontaktowy:  freezersig@hotmail.com<\/p>\n\n\n<p>Na portalu mog\u0105 si\u0119 rejestrowa\u0107 i dokonywa\u0107 wpis\u00f3w tylko osoby pe\u0142noletnie.<\/p>\n<p>Portal freezersig.pl nie ponosi odpowiedzialno\u015bci za tre\u015bci i opinie umieszczane w komentarzach i postach tworzonych przez u\u017cytkownik\u00f3w portalu. S\u0105 one w\u0142asno\u015bci\u0105 u\u017cytkownik\u00f3w kt\u00f3rzy je umie\u015bcili, I u\u017cytkownicy s\u0105 w pe\u0142ni odpowiedzialni za swoje czyny i zachowania na portalu.<\/p>\n<p>Tre\u015bci nie zgodne z prawem b\u0119d\u0105 usuwane.\u00a0<\/p>\n<p>Tre\u015bci wulgarne i obra\u017caj\u0105ce innych u\u017cytkownik\u00f3w b\u0119d\u0105 usuwane.<\/p>\n<p>Tre\u015bci reklamowe b\u0119d\u0105 usuwane.<\/p>\n<p>W razie kilkukrotnego naruszenia regulaminu konto na stronie www.freezersig.pl zostanie usuni\u0119te.<\/p>\n<p>Podczas rejestracji i dodawania komentarzy wymagane jest podanie adresu E-mail. Adresy te b\u0119d\u0105 wykorzystane do przypomnienia has\u0142a U\u017cytkownika, oraz\/lub wys\u0142ania Newsletter\u2019a \u2013 je\u015bli U\u017cytkownik nie zablokowa\u0142 tej mo\u017cliwo\u015bci.<\/p>\n<p>Adresy IP zbierane przez portal nie maj\u0105 na celu identyfikacji naszych u\u017cytkownik\u00f3w, ani nie s\u0105 nigdzie ujawniane. Jednak\u017ce przy dodawania komentarzy niezgodnych z netykiet\u0105, \u015bmiecenia w komentarzach b\u0105d\u017a na forum, przewidujemy mo\u017cliwo\u015b\u0107 zablokowania u\u017cytkowania portalu z danego adresu IP, lub w wypadku bardzo nachalnych u\u017cytkownik\u00f3w, nawet z ca\u0142ej puli IP, W razie dopuszczenia si\u0119 przez u\u017cytkownik\u00f3w portalu freezersig.pl czynno\u015bci Karanych adresy IP musza by\u0107 przekazane organom \u015bcigania.<\/p>\n<p>Dane osobowe podczas rejestracji na\u00a0portalu freezersig.pl lub na\u00a0jego forum, niezb\u0119dne jest podanie adresu e-mail. Podawanie pozosta\u0142ych danych w\u00a0profilu, takich jak imi\u0119, nazwisko, adres strony internetowej, miejscowo\u015b\u0107, hobby, zainteresowania, i inne dane w formularzu nie jest obowi\u0105zkowe, i\u00a0Ty jako U\u017cytkownik decydujesz czy chcesz je uzupe\u0142ni\u0107 i udost\u0119pni\u0107 innym. Portal freezersig.pl nie ponosi odpowiedzialno\u015bci za to co udost\u0119pnisz innym u\u017cytkownikom portalu. Robisz to na w\u0142asn\u0105 odpowiedzialno\u015b\u0107.<\/p>\n<p>Portal freezersig.pl zawiera artyku\u0142y, utrwalenie prac wykonywanych w domu, filmy stworzone i artyku\u0142y napisane przez w\u0142a\u015bciciela portalu kt\u00f3ry ma prawa autorskie do tych materia\u0142\u00f3w. Wszystkie tre\u015bci zawarte na stronach portalu s\u0105 przedmiotem praw autorskich przys\u0142uguj\u0105cych ich tw\u00f3rcy i podlegaj\u0105 ochronie zgodnie z prawem autorskim. Zabrania si\u0119 kopiowania i udost\u0119pniania materia\u0142\u00f3w z portalu bez pisemnej zgody w\u0142a\u015bcicieli artyku\u0142\u00f3w, poradnik\u00f3w, film\u00f3w.<\/p>\n<p>Wszelkie materia\u0142y zawarte w\u00a0serwisie portalu freezersig.pl s\u0105 bezp\u0142atne pod warunkiem nie wy\u0142\u0105czania wy\u015bwietlania reklam podczas korzystania, czytania, z tych materia\u0142\u00f3w zgromadzonych na portalu freezersig.pl.<\/p>\n<p><span style=\"color: #000000;\"><b style=\"color: #000000;\">Tre\u015bci na portalu freezersig.pl s\u0105 czerpane z w\u0142asnego do\u015bwiadczenia co nie zawsze jest najlepszym <\/b><span style=\"color: #000000;\"><b>rozwi\u0105zaniem<\/b><\/span><b style=\"color: #000000;\">\u00a0dla <\/b><span style=\"color: #000000;\"><b>ka\u017cdego<\/b><\/span><b style=\"color: #000000;\">. <\/b><\/span><span style=\"color: #000000;\"><b style=\"color: #000000;\">Je\u015bli macie inne podej\u015bcie do niekt\u00f3rych spraw poruszanych w filmach, artyku\u0142ach, utrwaleniu prac wykonanych podczas r\u00f3\u017cnych <\/b><span style=\"color: #000000;\"><b>czynno\u015bci<\/b><\/span><b style=\"color: #000000;\">, majsterkowania, naprawy,\u00a0 i.t.d zach\u0119cam do wyra\u017cania ich w komentarzach. <\/b><\/span><span style=\"color: #000000;\"><b>Czynno\u015bci wykonywane <\/b><b>przeze mnie<\/b><b>\u00a0w filmach wymagaj\u0105 posiadania du\u017cej wiedzy, mog\u0105 i cz\u0119sto s\u0105 bardzo niebezpieczne\u00a0i nie nale\u017cy wykonywa\u0107 ich samodzielnie w domu.\u00a0Jak ka\u017cdy mog\u0119 si\u0119 myli\u0107. Wi\u0119c nie ponosz\u0119 odpowiedzialno\u015bci za prace jakie kto\u015b wykona\u0142 wzoruj\u0105c si\u0119 na moich filmach, artyku\u0142ach, umieszczonych na portalu freezersig.pl. Informacje jakie zosta\u0142y umieszczone na tym portalu maja form\u0119 dokumentaln\u0105 kt\u00f3ra ma za zadanie uwieczni\u0107 prace jakie wykona\u0142em, i nie mog\u0105 by\u0107 traktowane jako poradniki.\u00a0 Redakcja portalu nie odpowiadaj\u0105 za\u00a0jakiekolwiek szkody wynik\u0142e z\u00a0ich wykorzystania.\u00a0Prezentowane na tym kanale tre\u015bci maj\u0105 charakter dyskusyjny i nie mog\u0105 stanowi\u0107 podstawy do jakichkolwiek roszcze\u0144 w stosunku do autora.<\/b><\/span><\/p>\n<p>Portal freezersig.pl zastrzega sobie mo\u017cliwo\u015b\u0107 edycji i\u00a0usuwania wpis\u00f3w lub komentarzy oraz\u00a0blokowania u\u017cytkownik\u00f3w, kt\u00f3rzy\u00a0naruszaj\u0105 zasady netykiety, regulaminu i\u00a0powszechnie przyj\u0119te normy kulturalnego zachowania.<\/p>\n\n\n<p><\/p>\n\n\n\n<p><\/p>\n\n\n\n<p><\/p>\n","protected":false},"excerpt":{"rendered":"<p>Punkt kontaktowy: freezersig@hotmail.com Na portalu mog\u0105 si\u0119 rejestrowa\u0107 i dokonywa\u0107 wpis\u00f3w tylko osoby pe\u0142noletnie. Portal freezersig.pl nie ponosi odpowiedzialno\u015bci za tre\u015bci i opinie umieszczane w komentarzach i postach tworzonych przez u\u017cytkownik\u00f3w portalu. S\u0105 one w\u0142asno\u015bci\u0105 u\u017cytkownik\u00f3w kt\u00f3rzy je umie\u015bcili, I u\u017cytkownicy s\u0105 w pe\u0142ni odpowiedzialni za swoje czyny i zachowania na portalu. Tre\u015bci nie zgodne &hellip; <a href=\"https:\/\/www.freezersig.pl\/?page_id=231\" class=\"more-link\">Czytaj dalej <span class=\"screen-reader-text\">Regulamin.<\/span> <span class=\"meta-nav\">&rarr;<\/span><\/a><\/p>\n","protected":false},"author":1,"featured_media":0,"parent":0,"menu_order":0,"comment_status":"closed","ping_status":"closed","template":"","meta":{"footnotes":""},"class_list":["post-231","page","type-page","status-publish","hentry"],"_links":{"self":[{"href":"https:\/\/www.freezersig.pl\/index.php?rest_route=\/wp\/v2\/pages\/231","targetHints":{"allow":["GET"]}}],"collection":[{"href":"https:\/\/www.freezersig.pl\/index.php?rest_route=\/wp\/v2\/pages"}],"about":[{"href":"https:\/\/www.freezersig.pl\/index.php?rest_route=\/wp\/v2\/types\/page"}],"author":[{"embeddable":true,"href":"https:\/\/www.freezersig.pl\/index.php?rest_route=\/wp\/v2\/users\/1"}],"replies":[{"embeddable":true,"href":"https:\/\/www.freezersig.pl\/index.php?rest_route=%2Fwp%2Fv2%2Fcomments&post=231"}],"version-history":[{"count":16,"href":"https:\/\/www.freezersig.pl\/index.php?rest_route=\/wp\/v2\/pages\/231\/revisions"}],"predecessor-version":[{"id":1334,"href":"https:\/\/www.freezersig.pl\/index.php?rest_route=\/wp\/v2\/pages\/231\/revisions\/1334"}],"wp:attachment":[{"href":"https:\/\/www.freezersig.pl\/index.php?rest_route=%2Fwp%2Fv2%2Fmedia&parent=231"}],"curies":[{"name":"wp","href":"https:\/\/api.w.org\/{rel}","templated":true}]}}