{"id":442,"date":"2019-07-22T08:28:03","date_gmt":"2019-07-22T06:28:03","guid":{"rendered":"http:\/\/www.freezersig.pl\/?page_id=442"},"modified":"2025-03-28T19:47:51","modified_gmt":"2025-03-28T18:47:51","slug":"kontakt","status":"publish","type":"page","link":"https:\/\/www.freezersig.pl\/?page_id=442","title":{"rendered":"INFORMACJE"},"content":{"rendered":"\n<p>Punkt kontaktowy:  freezersig@hotmail.com<\/p>\n\n\n\n<h2 class=\"wp-block-heading\">Nazwa us\u0142ugi audiowizualnej: <\/h2>\n\n\n\n<p>&#8222;FreezerSIG&#8221; <\/p>\n\n\n\n<h2 class=\"wp-block-heading\">Dostawca us\u0142ugi audiowizualnej: <\/h2>\n\n\n\n<div class=\"wp-block-group is-vertical is-layout-flex wp-container-core-group-is-layout-8cf370e7 wp-block-group-is-layout-flex\">\n<p>FreezerSIG Sp z o.o. ul. Ogrodowa 30, 64-920 Pi\u0142a <\/p>\n\n\n\n<p>NIP: 7642698856 REGON: 383942099 <\/p>\n\n\n\n<p>Kapita\u0142 zak\u0142adowy: 5 000,00 z\u0142 <\/p>\n\n\n\n<p>KRS: 0000796196 S\u0105d Rejonowy Pozna\u0144 \u2013 Nowe Miasto i Wilda w Poznaniu, IX Wydzia\u0142 Gospodarczy Krajowego Rejestru S\u0105dowego. <\/p>\n\n\n\n<p><\/p>\n<\/div>\n\n\n\n<p><strong>Wsp\u00f3lnicy\/ beneficjenci rzeczywi\u015bci: <\/strong><\/p>\n\n\n\n<div class=\"wp-block-group is-vertical is-layout-flex wp-container-core-group-is-layout-8cf370e7 wp-block-group-is-layout-flex\">\n<p>1. Grzegorz Gruca, ul. Ogrodowa 30, 64-920 Pi\u0142a <\/p>\n\n\n\n<p>2. Anna Gruca, ul. Ogrodowa 30, 64-920 Pi\u0142a<\/p>\n\n\n\n<p><\/p>\n<\/div>\n\n\n\n<p><strong>Adres poczty elektronicznej:<\/strong>  freezersig@hotmail.com <\/p>\n\n\n\n<p><strong>Adres strony internetowej:<\/strong> <a href=\"http:\/\/www.freezersig.pl\">www.freezersig.pl<\/a> <\/p>\n\n\n\n<h4 class=\"wp-block-heading\">Adres korespondencyjny:<\/h4>\n\n\n\n<div class=\"wp-block-group\"><div class=\"wp-block-group__inner-container is-layout-constrained wp-block-group-is-layout-constrained\">\n<div class=\"wp-block-group\"><div class=\"wp-block-group__inner-container is-layout-constrained wp-block-group-is-layout-constrained\">\n<div class=\"wp-block-group is-vertical is-layout-flex wp-container-core-group-is-layout-8cf370e7 wp-block-group-is-layout-flex\">\n<p>FreezerSIG Sp. z o.o.<strong>&nbsp;<\/strong><\/p>\n\n\n\n<p>ul. Ogrodowa 30<strong> <\/strong><\/p>\n\n\n\n<p>64-920 Pi\u0142a<\/p>\n\n\n\n<p><\/p>\n<\/div>\n\n\n\n<p>Organ w\u0142a\u015bciwy w sprawach us\u0142ug audiowizualnych na \u017c\u0105danie: <\/p>\n\n\n\n<p>Krajowa Rada Radiofonii i Telewizji <\/p>\n\n\n\n<p>Skwer Kardyna\u0142a Stefana Wyszy\u0144skiego 9 <\/p>\n\n\n\n<p>01-015 Warszawa. <\/p>\n\n\n\n<p>Kana\u0142 FreezerSIG podlega jurysdykcji Rzeczypospolitej Polskiej. <\/p>\n\n\n\n<p><\/p>\n<\/div><\/div>\n\n\n\n<p>Je\u015bli chcia\u0142by\u015b wsp\u00f3\u0142pracowa\u0107 w ramach reklamy, masz jaki\u015b pomys\u0142, prosz\u0119 o kontakt na:<\/p>\n<\/div><\/div>\n\n\n\n<p><strong>E<\/strong>-mail: freezersig@hotmail.com<br><strong>T<\/strong>el: +48-883-108-219  <\/p>\n\n\n\n<p>Lista us\u0142ug medialnych:<\/p>\n\n\n\n<p><strong>Y<\/strong>ou<strong>T<\/strong>UBE:&nbsp;<a href=\"https:\/\/www.youtube.com\/user\/SirFreezerSIG\">https:\/\/www.youtube.com\/c\/FreezerSIG<\/a> <\/p>\n\n\n\n<p>TikTok: <a rel=\"noreferrer noopener\" href=\"https:\/\/www.tiktok.com\/@freezersig\" target=\"_blank\">https:\/\/www.tiktok.com\/@freezersig<\/a><\/p>\n\n\n\n<p>Instagram: <a href=\"https:\/\/www.instagram.com\/freezersig\/\" target=\"_blank\" rel=\"noreferrer noopener\">https:\/\/www.instagram.com\/freezersig\/<\/a><\/p>\n\n\n\n<p>Faceebook: <a href=\"https:\/\/web.facebook.com\/freezersig\" target=\"_blank\" rel=\"noreferrer noopener\">https:\/\/web.facebook.com\/freezersig<\/a><\/p>\n\n\n\n<p>Czynno\u015bci wykonywane przeze mnie w filmach wymagaj\u0105 posiadania du\u017cej wiedzy, mog\u0105 by\u0107 niebezpieczne i nie nale\u017cy ich na\u015bladowa\u0107. Tre\u015bci maj\u0105 charakter dyskusyjny i nie mog\u0105 stanowi\u0107 podstawy do jakichkolwiek roszcze\u0144 w stosunku do autora.<\/p>\n","protected":false},"excerpt":{"rendered":"<p>Punkt kontaktowy: freezersig@hotmail.com Nazwa us\u0142ugi audiowizualnej: &#8222;FreezerSIG&#8221; Dostawca us\u0142ugi audiowizualnej: FreezerSIG Sp z o.o. ul. Ogrodowa 30, 64-920 Pi\u0142a NIP: 7642698856 REGON: 383942099 Kapita\u0142 zak\u0142adowy: 5 000,00 z\u0142 KRS: 0000796196 S\u0105d Rejonowy Pozna\u0144 \u2013 Nowe Miasto i Wilda w Poznaniu, IX Wydzia\u0142 Gospodarczy Krajowego Rejestru S\u0105dowego. Wsp\u00f3lnicy\/ beneficjenci rzeczywi\u015bci: 1. Grzegorz Gruca, ul. Ogrodowa 30, &hellip; <a href=\"https:\/\/www.freezersig.pl\/?page_id=442\" class=\"more-link\">Czytaj dalej <span class=\"screen-reader-text\">INFORMACJE<\/span> <span class=\"meta-nav\">&rarr;<\/span><\/a><\/p>\n","protected":false},"author":1,"featured_media":0,"parent":0,"menu_order":0,"comment_status":"closed","ping_status":"closed","template":"","meta":{"footnotes":""},"class_list":["post-442","page","type-page","status-publish","hentry"],"_links":{"self":[{"href":"https:\/\/www.freezersig.pl\/index.php?rest_route=\/wp\/v2\/pages\/442","targetHints":{"allow":["GET"]}}],"collection":[{"href":"https:\/\/www.freezersig.pl\/index.php?rest_route=\/wp\/v2\/pages"}],"about":[{"href":"https:\/\/www.freezersig.pl\/index.php?rest_route=\/wp\/v2\/types\/page"}],"author":[{"embeddable":true,"href":"https:\/\/www.freezersig.pl\/index.php?rest_route=\/wp\/v2\/users\/1"}],"replies":[{"embeddable":true,"href":"https:\/\/www.freezersig.pl\/index.php?rest_route=%2Fwp%2Fv2%2Fcomments&post=442"}],"version-history":[{"count":27,"href":"https:\/\/www.freezersig.pl\/index.php?rest_route=\/wp\/v2\/pages\/442\/revisions"}],"predecessor-version":[{"id":1504,"href":"https:\/\/www.freezersig.pl\/index.php?rest_route=\/wp\/v2\/pages\/442\/revisions\/1504"}],"wp:attachment":[{"href":"https:\/\/www.freezersig.pl\/index.php?rest_route=%2Fwp%2Fv2%2Fmedia&parent=442"}],"curies":[{"name":"wp","href":"https:\/\/api.w.org\/{rel}","templated":true}]}}